{"id":381,"date":"2020-07-08T16:29:34","date_gmt":"2020-07-08T16:29:34","guid":{"rendered":"http:\/\/be-happy-band.de\/?page_id=381"},"modified":"2022-10-17T13:19:40","modified_gmt":"2022-10-17T13:19:40","slug":"referenzen","status":"publish","type":"page","link":"https:\/\/be-happy-band.de\/?page_id=381","title":{"rendered":"Referenzen"},"content":{"rendered":"\n<div class=\"wp-block-columns is-layout-flex wp-container-core-columns-layout-1 wp-block-columns-is-layout-flex\">\n<div class=\"wp-block-column is-layout-flow wp-block-column-is-layout-flow\">\n<p>Stadtfeste Eisenberg\/Th\u00fcringen<\/p>\n\n\n\n<p>Jubil\u00e4um Wohnungsgenossenschaft Zeitz<\/p>\n\n\n\n<p>Dinglebener Brauerei<\/p>\n\n\n\n<p>Kanonenfeste Tautenhain\/Th\u00fcringen<\/p>\n\n\n\n<p>Lionsball Gera<\/p>\n\n\n\n<p>Lionsb\u00e4lle Eisenberg<\/p>\n\n\n\n<p>Kuchenmarkt Weida\/Th\u00fcringen<\/p>\n\n\n\n<p>Th\u00fcringer Landeserntedankfest <\/p>\n\n\n\n<p>SilvesterGala Eisenberg<\/p>\n\n\n\n<p>Sommerfest Seelingst\u00e4dt\/Th\u00fcringen<\/p>\n\n\n\n<p>H\u00f6hlerfest Gera\/Th\u00fcringen<\/p>\n\n\n\n<p>Dahlienfest Bad K\u00f6stritz\/Th\u00fcringen<\/p>\n\n\n\n<p>Golfball Blankenhain\/Th\u00fcringen<\/p>\n\n\n\n<p>Treff Hotel Oberhof \u2013 Tanzabende<\/p>\n\n\n\n<p>Th\u00fcringer Landeserntedankfest S\u00f6mmerda\/Th\u00fcringen<\/p>\n\n\n\n<p>Weihnachtsmarkt Genthin<\/p>\n\n\n\n<p>Sommerfest Zinnowitz\/Usedom<\/p>\n\n\n\n<p>Oktoberfest Leipzig<\/p>\n\n\n\n<p>Neujahrskonzert Heringsdorf\/Usedom<\/p>\n\n\n\n<p>Fasching Tankbar Leipzig<\/p>\n\n\n\n<p>Tanz in den Mai Zinnowitz\/Usedom<\/p>\n<\/div>\n\n\n\n<div class=\"wp-block-column is-layout-flow wp-block-column-is-layout-flow\">\n<p>Multicar &#8211; HAKO &#8211; Werke<\/p>\n\n\n\n<p>Marketingball Gera\/Th\u00fcringen<\/p>\n\n\n\n<p>745 Jahre Leipzig-Sch\u00f6nefeld<\/p>\n\n\n\n<p>Seefest Graitschen\/Th\u00fcringen<\/p>\n\n\n\n<p>Th\u00fcringentag P\u00f6\u00dfneck<\/p>\n\n\n\n<p>Sparkasse Jena-Saale Holzland<\/p>\n\n\n\n<p>DPD HUB M\u00f6rsdorf\/Th\u00fcringen<\/p>\n\n\n\n<p>Sommerfest Sparkasse Leipzig<\/p>\n\n\n\n<p>Firmenjubil\u00e4um ROHA GmbH <\/p>\n\n\n\n<p>SemperOpernball Dresden<\/p>\n\n\n\n<p>Marktfest Bad Lobenstein\/Th\u00fcringen<\/p>\n\n\n\n<p>Kanonenfest Tautenhain\/Th\u00fcringen<\/p>\n\n\n\n<p>Firmenjubil\u00e4um Moderne Prothetik Neumann Gera\/Th\u00fcringen<\/p>\n\n\n\n<p>ReiseGala Karpacz\/Polen<\/p>\n\n\n\n<p>SilvesterGala Leipzig-Airport<\/p>\n\n\n\n<p>Baltic Lights \u2013 Usedom<\/p>\n\n\n\n<p>Saale-Weinmeile<\/p>\n\n\n\n<p>Schloss Wackerbarth<\/p>\n\n\n\n<p>Fete de la Musique<\/p>\n\n\n\n<p>Sommerfest \u00dcckeritz\/Usedom<\/p>\n\n\n\n<p>Silvesterparty Heringsdorf\/Usedom<\/p>\n<\/div>\n<\/div>\n\n\n\n<div class=\"wp-block-columns is-layout-flex wp-container-core-columns-layout-2 wp-block-columns-is-layout-flex\">\n<div class=\"wp-block-column is-layout-flow wp-block-column-is-layout-flow\"><\/div>\n\n\n\n<div class=\"wp-block-column is-layout-flow wp-block-column-is-layout-flow\"><\/div>\n<\/div>\n\n\n\n<div style=\"height:20px\" aria-hidden=\"true\" class=\"wp-block-spacer\"><\/div>\n\n\n\n<div class=\"wp-block-columns is-layout-flex wp-container-core-columns-layout-3 wp-block-columns-is-layout-flex\">\n<div class=\"wp-block-column is-layout-flow wp-block-column-is-layout-flow\"><\/div>\n\n\n\n<div class=\"wp-block-column is-layout-flow wp-block-column-is-layout-flow\"><\/div>\n<\/div>\n\n\n\n<div style=\"height:20px\" aria-hidden=\"true\" class=\"wp-block-spacer\"><\/div>\n\n\n\n<div class=\"wp-block-columns is-layout-flex wp-container-core-columns-layout-4 wp-block-columns-is-layout-flex\">\n<div class=\"wp-block-column is-layout-flow wp-block-column-is-layout-flow\"><\/div>\n\n\n\n<div class=\"wp-block-column is-layout-flow wp-block-column-is-layout-flow\"><\/div>\n<\/div>\n","protected":false},"excerpt":{"rendered":"<p>Stadtfeste Eisenberg\/Th\u00fcringen Jubil\u00e4um Wohnungsgenossenschaft Zeitz Dinglebener Brauerei Kanonenfeste Tautenhain\/Th\u00fcringen Lionsball Gera Lionsb\u00e4lle Eisenberg Kuchenmarkt Weida\/Th\u00fcringen Th\u00fcringer Landeserntedankfest SilvesterGala Eisenberg Sommerfest Seelingst\u00e4dt\/Th\u00fcringen H\u00f6hlerfest Gera\/Th\u00fcringen Dahlienfest Bad K\u00f6stritz\/Th\u00fcringen Golfball Blankenhain\/Th\u00fcringen Treff Hotel Oberhof \u2013 Tanzabende Th\u00fcringer Landeserntedankfest S\u00f6mmerda\/Th\u00fcringen Weihnachtsmarkt Genthin Sommerfest Zinnowitz\/Usedom Oktoberfest Leipzig Neujahrskonzert Heringsdorf\/Usedom Fasching Tankbar Leipzig Tanz in den Mai Zinnowitz\/Usedom Multicar &#8211; HAKO &hellip; <a href=\"https:\/\/be-happy-band.de\/?page_id=381\" class=\"more-link\"><span class=\"screen-reader-text\">Referenzen<\/span> weiterlesen <span class=\"meta-nav\">&rarr;<\/span><\/a><\/p>\n","protected":false},"author":1,"featured_media":0,"parent":0,"menu_order":0,"comment_status":"closed","ping_status":"closed","template":"","meta":{"footnotes":""},"yoast_head":"<!-- This site is optimized with the Yoast SEO plugin v22.1 - https:\/\/yoast.com\/wordpress\/plugins\/seo\/ -->\n<title>Be Happy Band - Stimmen, die&#039;s bringen.<\/title>\n<meta name=\"description\" content=\"Die Nr. 1 aus Mitteldeutschland.\" \/>\n<meta name=\"robots\" content=\"index, follow, max-snippet:-1, max-image-preview:large, max-video-preview:-1\" \/>\n<link rel=\"canonical\" href=\"http:\/\/be-happy-band.de\/?page_id=381\" \/>\n<meta property=\"og:locale\" content=\"de_DE\" \/>\n<meta property=\"og:type\" content=\"article\" \/>\n<meta property=\"og:title\" content=\"Be Happy Band - Stimmen, die&#039;s bringen.\" \/>\n<meta property=\"og:description\" content=\"Die Nr. 1 aus Mitteldeutschland.\" \/>\n<meta property=\"og:url\" content=\"http:\/\/be-happy-band.de\/?page_id=381\" \/>\n<meta property=\"og:site_name\" content=\"Be Happy Band\" \/>\n<meta property=\"article:publisher\" content=\"https:\/\/www.facebook.com\/Party-Show-Band-be-happy-207227289375998\/\" \/>\n<meta property=\"article:modified_time\" content=\"2022-10-17T13:19:40+00:00\" \/>\n<meta name=\"twitter:card\" content=\"summary_large_image\" \/>\n<meta name=\"twitter:label1\" content=\"Gesch\u00e4tzte Lesezeit\" \/>\n\t<meta name=\"twitter:data1\" content=\"1\u00a0Minute\" \/>\n<script type=\"application\/ld+json\" class=\"yoast-schema-graph\">{\"@context\":\"https:\/\/schema.org\",\"@graph\":[{\"@type\":\"WebPage\",\"@id\":\"http:\/\/be-happy-band.de\/?page_id=381\",\"url\":\"http:\/\/be-happy-band.de\/?page_id=381\",\"name\":\"Be Happy Band - Stimmen, die's bringen.\",\"isPartOf\":{\"@id\":\"http:\/\/be-happy-band.de\/#website\"},\"datePublished\":\"2020-07-08T16:29:34+00:00\",\"dateModified\":\"2022-10-17T13:19:40+00:00\",\"description\":\"Die Nr. 1 aus Mitteldeutschland.\",\"breadcrumb\":{\"@id\":\"http:\/\/be-happy-band.de\/?page_id=381#breadcrumb\"},\"inLanguage\":\"de\",\"potentialAction\":[{\"@type\":\"ReadAction\",\"target\":[\"http:\/\/be-happy-band.de\/?page_id=381\"]}]},{\"@type\":\"BreadcrumbList\",\"@id\":\"http:\/\/be-happy-band.de\/?page_id=381#breadcrumb\",\"itemListElement\":[{\"@type\":\"ListItem\",\"position\":1,\"name\":\"Startseite\",\"item\":\"http:\/\/be-happy-band.de\/\"},{\"@type\":\"ListItem\",\"position\":2,\"name\":\"Referenzen\"}]},{\"@type\":\"WebSite\",\"@id\":\"http:\/\/be-happy-band.de\/#website\",\"url\":\"http:\/\/be-happy-band.de\/\",\"name\":\"Be Happy Band - Stimmen, die's bringen. Die Nr. 1 aus Mitteldeutschland.\",\"description\":\"Stimmen, die&#039;s bringen.\",\"publisher\":{\"@id\":\"http:\/\/be-happy-band.de\/#organization\"},\"potentialAction\":[{\"@type\":\"SearchAction\",\"target\":{\"@type\":\"EntryPoint\",\"urlTemplate\":\"http:\/\/be-happy-band.de\/?s={search_term_string}\"},\"query-input\":\"required name=search_term_string\"}],\"inLanguage\":\"de\"},{\"@type\":\"Organization\",\"@id\":\"http:\/\/be-happy-band.de\/#organization\",\"name\":\"Be Happy Band\",\"url\":\"http:\/\/be-happy-band.de\/\",\"logo\":{\"@type\":\"ImageObject\",\"inLanguage\":\"de\",\"@id\":\"http:\/\/be-happy-band.de\/#\/schema\/logo\/image\/\",\"url\":\"https:\/\/be-happy-band.de\/wp-content\/uploads\/2020\/05\/Logo_behappy_google.jpg\",\"contentUrl\":\"https:\/\/be-happy-band.de\/wp-content\/uploads\/2020\/05\/Logo_behappy_google.jpg\",\"width\":700,\"height\":352,\"caption\":\"Be Happy Band\"},\"image\":{\"@id\":\"http:\/\/be-happy-band.de\/#\/schema\/logo\/image\/\"},\"sameAs\":[\"https:\/\/www.facebook.com\/Party-Show-Band-be-happy-207227289375998\/\",\"https:\/\/instagram.com\/party_show_band_behappy?igshid=18h6wnz0ao2wv\"]}]}<\/script>\n<!-- \/ Yoast SEO plugin. -->","yoast_head_json":{"title":"Be Happy Band - Stimmen, die's bringen.","description":"Die Nr. 1 aus Mitteldeutschland.","robots":{"index":"index","follow":"follow","max-snippet":"max-snippet:-1","max-image-preview":"max-image-preview:large","max-video-preview":"max-video-preview:-1"},"canonical":"http:\/\/be-happy-band.de\/?page_id=381","og_locale":"de_DE","og_type":"article","og_title":"Be Happy Band - Stimmen, die's bringen.","og_description":"Die Nr. 1 aus Mitteldeutschland.","og_url":"http:\/\/be-happy-band.de\/?page_id=381","og_site_name":"Be Happy Band","article_publisher":"https:\/\/www.facebook.com\/Party-Show-Band-be-happy-207227289375998\/","article_modified_time":"2022-10-17T13:19:40+00:00","twitter_card":"summary_large_image","twitter_misc":{"Gesch\u00e4tzte Lesezeit":"1\u00a0Minute"},"schema":{"@context":"https:\/\/schema.org","@graph":[{"@type":"WebPage","@id":"http:\/\/be-happy-band.de\/?page_id=381","url":"http:\/\/be-happy-band.de\/?page_id=381","name":"Be Happy Band - Stimmen, die's bringen.","isPartOf":{"@id":"http:\/\/be-happy-band.de\/#website"},"datePublished":"2020-07-08T16:29:34+00:00","dateModified":"2022-10-17T13:19:40+00:00","description":"Die Nr. 1 aus Mitteldeutschland.","breadcrumb":{"@id":"http:\/\/be-happy-band.de\/?page_id=381#breadcrumb"},"inLanguage":"de","potentialAction":[{"@type":"ReadAction","target":["http:\/\/be-happy-band.de\/?page_id=381"]}]},{"@type":"BreadcrumbList","@id":"http:\/\/be-happy-band.de\/?page_id=381#breadcrumb","itemListElement":[{"@type":"ListItem","position":1,"name":"Startseite","item":"http:\/\/be-happy-band.de\/"},{"@type":"ListItem","position":2,"name":"Referenzen"}]},{"@type":"WebSite","@id":"http:\/\/be-happy-band.de\/#website","url":"http:\/\/be-happy-band.de\/","name":"Be Happy Band - Stimmen, die's bringen. Die Nr. 1 aus Mitteldeutschland.","description":"Stimmen, die&#039;s bringen.","publisher":{"@id":"http:\/\/be-happy-band.de\/#organization"},"potentialAction":[{"@type":"SearchAction","target":{"@type":"EntryPoint","urlTemplate":"http:\/\/be-happy-band.de\/?s={search_term_string}"},"query-input":"required name=search_term_string"}],"inLanguage":"de"},{"@type":"Organization","@id":"http:\/\/be-happy-band.de\/#organization","name":"Be Happy Band","url":"http:\/\/be-happy-band.de\/","logo":{"@type":"ImageObject","inLanguage":"de","@id":"http:\/\/be-happy-band.de\/#\/schema\/logo\/image\/","url":"https:\/\/be-happy-band.de\/wp-content\/uploads\/2020\/05\/Logo_behappy_google.jpg","contentUrl":"https:\/\/be-happy-band.de\/wp-content\/uploads\/2020\/05\/Logo_behappy_google.jpg","width":700,"height":352,"caption":"Be Happy Band"},"image":{"@id":"http:\/\/be-happy-band.de\/#\/schema\/logo\/image\/"},"sameAs":["https:\/\/www.facebook.com\/Party-Show-Band-be-happy-207227289375998\/","https:\/\/instagram.com\/party_show_band_behappy?igshid=18h6wnz0ao2wv"]}]}},"_links":{"self":[{"href":"https:\/\/be-happy-band.de\/index.php?rest_route=\/wp\/v2\/pages\/381"}],"collection":[{"href":"https:\/\/be-happy-band.de\/index.php?rest_route=\/wp\/v2\/pages"}],"about":[{"href":"https:\/\/be-happy-band.de\/index.php?rest_route=\/wp\/v2\/types\/page"}],"author":[{"embeddable":true,"href":"https:\/\/be-happy-band.de\/index.php?rest_route=\/wp\/v2\/users\/1"}],"replies":[{"embeddable":true,"href":"https:\/\/be-happy-band.de\/index.php?rest_route=%2Fwp%2Fv2%2Fcomments&post=381"}],"version-history":[{"count":13,"href":"https:\/\/be-happy-band.de\/index.php?rest_route=\/wp\/v2\/pages\/381\/revisions"}],"predecessor-version":[{"id":549,"href":"https:\/\/be-happy-band.de\/index.php?rest_route=\/wp\/v2\/pages\/381\/revisions\/549"}],"wp:attachment":[{"href":"https:\/\/be-happy-band.de\/index.php?rest_route=%2Fwp%2Fv2%2Fmedia&parent=381"}],"curies":[{"name":"wp","href":"https:\/\/api.w.org\/{rel}","templated":true}]}}