{"id":305,"date":"2020-05-05T15:41:52","date_gmt":"2020-05-05T15:41:52","guid":{"rendered":"http:\/\/be-happy-band.de\/?page_id=305"},"modified":"2022-10-17T13:22:28","modified_gmt":"2022-10-17T13:22:28","slug":"ueber-be-happy","status":"publish","type":"page","link":"https:\/\/be-happy-band.de\/?page_id=305","title":{"rendered":"\u00dcber uns"},"content":{"rendered":"\n<p class=\"has-medium-font-size\"><strong><em>Seit Jahren <\/em><\/strong>gilt die Formation &#8222;be happy&#8220; aus Mitteldeutschland als <strong><em>Geheimtipp <\/em><\/strong>und das nicht erst seit der Mitwirkung beim <em>&#8222;SemperOpernball&#8220;<\/em> in Dresden. <strong><em>Stimmen, die&#8217;s bringen<\/em><\/strong> &#8211; mit der <strong><em>richtige<\/em><\/strong>n <strong><em>Musikmischung<\/em><\/strong> f\u00fcr Veranstaltungen aller Art. <\/p>\n\n\n\n<p class=\"has-medium-font-size\">Fronts\u00e4ngerin der Band ist <strong><em>Nicole<\/em><\/strong>, die mit ihrer einzigartigen Stimme eine enorme Bandbreite bedient. Bereits vor ein paar Jahren begeisterte sie in der Show &#8222;X-Factor&#8220; (VOX) Sarah Connor&#8217;s Jury und Millionen von Fernsehzuschauern. <\/p>\n\n\n\n<p class=\"has-medium-font-size\">Der Italiener <strong><em>Christorio<\/em><\/strong>, welcher vor ein paar Jahren in der Sendung &#8222;Sei dein Star&#8220; (MDR) auf den Spuren seines gro\u00dfen Vorbildes Eros Ramazotti brillierte, sorgt f\u00fcr unvergessene Momente, u.a. mit Klassikern wie &#8222;Sharazan&#8220;, &#8222;Piccola e fragile&#8220; oder &#8222;Ci Sara&#8220; aus seiner Heimat Italien. <\/p>\n\n\n\n<figure class=\"wp-block-gallery alignright has-nested-images columns-default is-cropped wp-block-gallery-1 is-layout-flex wp-block-gallery-is-layout-flex\">\n<figure class=\"wp-block-image size-full\"><img fetchpriority=\"high\" decoding=\"async\" width=\"500\" height=\"365\" data-id=\"292\" src=\"http:\/\/be-happy-band.de\/wp-content\/uploads\/2020\/05\/Cd_aktuell.jpg\" alt=\"CD Be Happy Band\" class=\"wp-image-292\" srcset=\"https:\/\/be-happy-band.de\/wp-content\/uploads\/2020\/05\/Cd_aktuell.jpg 500w, https:\/\/be-happy-band.de\/wp-content\/uploads\/2020\/05\/Cd_aktuell-300x219.jpg 300w\" sizes=\"(max-width: 500px) 100vw, 500px\" \/><\/figure>\n<\/figure>\n\n\n\n<p class=\"has-medium-font-size\"><strong><em>Kay<\/em><\/strong>, der bundesweit erfolgreiche und TV-bekannte Entertainer &amp; Musikproduzent, h\u00e4lt die F\u00e4den der Combo zusammen und bringt nat\u00fcrlich seine ganz besondere Note, mit <strong><em>viel Humor<\/em><\/strong> und <strong><em>Spontanit\u00e4t<\/em><\/strong> sowie die <strong><em>verbindende<\/em><\/strong>n <strong><em>Worte<\/em><\/strong> in das Gesamtprogramm mit ein. Besonders beliebt sind die immer wieder entstehenden <strong><em>Interaktionen mit dem Publikum<\/em><\/strong>.<br><br>Mit einem <strong><em>professionell<\/em><\/strong>en Auftreten sorgt die Gruppe da<strong><em>f\u00fcr<\/em><\/strong>, dass <strong><em>jedes Fest <\/em><\/strong>&#8211; egal ob Privatfeier, Hochzeit, Betriebsjubil\u00e4um oder Stadtfest &#8211; <strong><em>den<\/em><\/strong> <strong><em>perfekten musikalischen Rahmen<\/em><\/strong> erh\u00e4lt. Dabei reicht die Besetzung vom <strong><em>Trio bis<\/em><\/strong> zur gro\u00dfen <strong><em>Galaband<\/em><\/strong> &#8211; je nach Geldbeutel und Vorstellungen der Veranstalter. <strong><em>Auf Wunsch inkl. DJ f\u00fcr die Pausen und eigener Technik.<\/em><\/strong><\/p>\n\n\n\n<div style=\"height:20px\" aria-hidden=\"true\" class=\"wp-block-spacer\"><\/div>\n\n\n\n<h2 class=\"has-text-color wp-block-heading\" style=\"color:#d8004f\">BUCHUNG \/ KONTAKT:<\/h2>\n\n\n\n<p class=\"has-large-font-size\">036691 &#8211; 52284<br><a href=\"mailto:kontakt@be-happy-band.de\">kontakt@be-happy-band.de<\/a><\/p>\n","protected":false},"excerpt":{"rendered":"<p>Seit Jahren gilt die Formation &#8222;be happy&#8220; aus Mitteldeutschland als Geheimtipp und das nicht erst seit der Mitwirkung beim &#8222;SemperOpernball&#8220; in Dresden. Stimmen, die&#8217;s bringen &#8211; mit der richtigen Musikmischung f\u00fcr Veranstaltungen aller Art. Fronts\u00e4ngerin der Band ist Nicole, die mit ihrer einzigartigen Stimme eine enorme Bandbreite bedient. Bereits vor ein paar Jahren begeisterte sie &hellip; <a href=\"https:\/\/be-happy-band.de\/?page_id=305\" class=\"more-link\"><span class=\"screen-reader-text\">\u00dcber uns<\/span> weiterlesen <span class=\"meta-nav\">&rarr;<\/span><\/a><\/p>\n","protected":false},"author":1,"featured_media":0,"parent":0,"menu_order":0,"comment_status":"closed","ping_status":"closed","template":"","meta":{"footnotes":""},"yoast_head":"<!-- This site is optimized with the Yoast SEO plugin v22.1 - https:\/\/yoast.com\/wordpress\/plugins\/seo\/ -->\n<title>Be Happy Band - Stimmen, die&#039;s bringen.<\/title>\n<meta name=\"description\" content=\"Die Nr. 1 aus Mitteldeutschland.\" \/>\n<meta name=\"robots\" content=\"index, follow, max-snippet:-1, max-image-preview:large, max-video-preview:-1\" \/>\n<link rel=\"canonical\" href=\"https:\/\/be-happy-band.de\/?page_id=305\" \/>\n<meta property=\"og:locale\" content=\"de_DE\" \/>\n<meta property=\"og:type\" content=\"article\" \/>\n<meta property=\"og:title\" content=\"Be Happy Band - Stimmen, die&#039;s bringen.\" \/>\n<meta property=\"og:description\" content=\"Die Nr. 1 aus Mitteldeutschland.\" \/>\n<meta property=\"og:url\" content=\"https:\/\/be-happy-band.de\/?page_id=305\" \/>\n<meta property=\"og:site_name\" content=\"Be Happy Band\" \/>\n<meta property=\"article:publisher\" content=\"https:\/\/www.facebook.com\/Party-Show-Band-be-happy-207227289375998\/\" \/>\n<meta property=\"article:modified_time\" content=\"2022-10-17T13:22:28+00:00\" \/>\n<meta property=\"og:image\" content=\"http:\/\/be-happy-band.de\/wp-content\/uploads\/2020\/05\/Cd_aktuell.jpg\" \/>\n<meta name=\"twitter:card\" content=\"summary_large_image\" \/>\n<meta name=\"twitter:label1\" content=\"Gesch\u00e4tzte Lesezeit\" \/>\n\t<meta name=\"twitter:data1\" content=\"2\u00a0Minuten\" \/>\n<script type=\"application\/ld+json\" class=\"yoast-schema-graph\">{\"@context\":\"https:\/\/schema.org\",\"@graph\":[{\"@type\":\"WebPage\",\"@id\":\"https:\/\/be-happy-band.de\/?page_id=305\",\"url\":\"https:\/\/be-happy-band.de\/?page_id=305\",\"name\":\"Be Happy Band - Stimmen, die's bringen.\",\"isPartOf\":{\"@id\":\"http:\/\/be-happy-band.de\/#website\"},\"datePublished\":\"2020-05-05T15:41:52+00:00\",\"dateModified\":\"2022-10-17T13:22:28+00:00\",\"description\":\"Die Nr. 1 aus Mitteldeutschland.\",\"breadcrumb\":{\"@id\":\"https:\/\/be-happy-band.de\/?page_id=305#breadcrumb\"},\"inLanguage\":\"de\",\"potentialAction\":[{\"@type\":\"ReadAction\",\"target\":[\"https:\/\/be-happy-band.de\/?page_id=305\"]}]},{\"@type\":\"BreadcrumbList\",\"@id\":\"https:\/\/be-happy-band.de\/?page_id=305#breadcrumb\",\"itemListElement\":[{\"@type\":\"ListItem\",\"position\":1,\"name\":\"Startseite\",\"item\":\"http:\/\/be-happy-band.de\/\"},{\"@type\":\"ListItem\",\"position\":2,\"name\":\"\u00dcber uns\"}]},{\"@type\":\"WebSite\",\"@id\":\"http:\/\/be-happy-band.de\/#website\",\"url\":\"http:\/\/be-happy-band.de\/\",\"name\":\"Be Happy Band - Stimmen, die's bringen. Die Nr. 1 aus Mitteldeutschland.\",\"description\":\"Stimmen, die&#039;s bringen.\",\"publisher\":{\"@id\":\"http:\/\/be-happy-band.de\/#organization\"},\"potentialAction\":[{\"@type\":\"SearchAction\",\"target\":{\"@type\":\"EntryPoint\",\"urlTemplate\":\"http:\/\/be-happy-band.de\/?s={search_term_string}\"},\"query-input\":\"required name=search_term_string\"}],\"inLanguage\":\"de\"},{\"@type\":\"Organization\",\"@id\":\"http:\/\/be-happy-band.de\/#organization\",\"name\":\"Be Happy Band\",\"url\":\"http:\/\/be-happy-band.de\/\",\"logo\":{\"@type\":\"ImageObject\",\"inLanguage\":\"de\",\"@id\":\"http:\/\/be-happy-band.de\/#\/schema\/logo\/image\/\",\"url\":\"https:\/\/be-happy-band.de\/wp-content\/uploads\/2020\/05\/Logo_behappy_google.jpg\",\"contentUrl\":\"https:\/\/be-happy-band.de\/wp-content\/uploads\/2020\/05\/Logo_behappy_google.jpg\",\"width\":700,\"height\":352,\"caption\":\"Be Happy Band\"},\"image\":{\"@id\":\"http:\/\/be-happy-band.de\/#\/schema\/logo\/image\/\"},\"sameAs\":[\"https:\/\/www.facebook.com\/Party-Show-Band-be-happy-207227289375998\/\",\"https:\/\/instagram.com\/party_show_band_behappy?igshid=18h6wnz0ao2wv\"]}]}<\/script>\n<!-- \/ Yoast SEO plugin. -->","yoast_head_json":{"title":"Be Happy Band - Stimmen, die's bringen.","description":"Die Nr. 1 aus Mitteldeutschland.","robots":{"index":"index","follow":"follow","max-snippet":"max-snippet:-1","max-image-preview":"max-image-preview:large","max-video-preview":"max-video-preview:-1"},"canonical":"https:\/\/be-happy-band.de\/?page_id=305","og_locale":"de_DE","og_type":"article","og_title":"Be Happy Band - Stimmen, die's bringen.","og_description":"Die Nr. 1 aus Mitteldeutschland.","og_url":"https:\/\/be-happy-band.de\/?page_id=305","og_site_name":"Be Happy Band","article_publisher":"https:\/\/www.facebook.com\/Party-Show-Band-be-happy-207227289375998\/","article_modified_time":"2022-10-17T13:22:28+00:00","og_image":[{"url":"http:\/\/be-happy-band.de\/wp-content\/uploads\/2020\/05\/Cd_aktuell.jpg"}],"twitter_card":"summary_large_image","twitter_misc":{"Gesch\u00e4tzte Lesezeit":"2\u00a0Minuten"},"schema":{"@context":"https:\/\/schema.org","@graph":[{"@type":"WebPage","@id":"https:\/\/be-happy-band.de\/?page_id=305","url":"https:\/\/be-happy-band.de\/?page_id=305","name":"Be Happy Band - Stimmen, die's bringen.","isPartOf":{"@id":"http:\/\/be-happy-band.de\/#website"},"datePublished":"2020-05-05T15:41:52+00:00","dateModified":"2022-10-17T13:22:28+00:00","description":"Die Nr. 1 aus Mitteldeutschland.","breadcrumb":{"@id":"https:\/\/be-happy-band.de\/?page_id=305#breadcrumb"},"inLanguage":"de","potentialAction":[{"@type":"ReadAction","target":["https:\/\/be-happy-band.de\/?page_id=305"]}]},{"@type":"BreadcrumbList","@id":"https:\/\/be-happy-band.de\/?page_id=305#breadcrumb","itemListElement":[{"@type":"ListItem","position":1,"name":"Startseite","item":"http:\/\/be-happy-band.de\/"},{"@type":"ListItem","position":2,"name":"\u00dcber uns"}]},{"@type":"WebSite","@id":"http:\/\/be-happy-band.de\/#website","url":"http:\/\/be-happy-band.de\/","name":"Be Happy Band - Stimmen, die's bringen. Die Nr. 1 aus Mitteldeutschland.","description":"Stimmen, die&#039;s bringen.","publisher":{"@id":"http:\/\/be-happy-band.de\/#organization"},"potentialAction":[{"@type":"SearchAction","target":{"@type":"EntryPoint","urlTemplate":"http:\/\/be-happy-band.de\/?s={search_term_string}"},"query-input":"required name=search_term_string"}],"inLanguage":"de"},{"@type":"Organization","@id":"http:\/\/be-happy-band.de\/#organization","name":"Be Happy Band","url":"http:\/\/be-happy-band.de\/","logo":{"@type":"ImageObject","inLanguage":"de","@id":"http:\/\/be-happy-band.de\/#\/schema\/logo\/image\/","url":"https:\/\/be-happy-band.de\/wp-content\/uploads\/2020\/05\/Logo_behappy_google.jpg","contentUrl":"https:\/\/be-happy-band.de\/wp-content\/uploads\/2020\/05\/Logo_behappy_google.jpg","width":700,"height":352,"caption":"Be Happy Band"},"image":{"@id":"http:\/\/be-happy-band.de\/#\/schema\/logo\/image\/"},"sameAs":["https:\/\/www.facebook.com\/Party-Show-Band-be-happy-207227289375998\/","https:\/\/instagram.com\/party_show_band_behappy?igshid=18h6wnz0ao2wv"]}]}},"_links":{"self":[{"href":"https:\/\/be-happy-band.de\/index.php?rest_route=\/wp\/v2\/pages\/305"}],"collection":[{"href":"https:\/\/be-happy-band.de\/index.php?rest_route=\/wp\/v2\/pages"}],"about":[{"href":"https:\/\/be-happy-band.de\/index.php?rest_route=\/wp\/v2\/types\/page"}],"author":[{"embeddable":true,"href":"https:\/\/be-happy-band.de\/index.php?rest_route=\/wp\/v2\/users\/1"}],"replies":[{"embeddable":true,"href":"https:\/\/be-happy-band.de\/index.php?rest_route=%2Fwp%2Fv2%2Fcomments&post=305"}],"version-history":[{"count":7,"href":"https:\/\/be-happy-band.de\/index.php?rest_route=\/wp\/v2\/pages\/305\/revisions"}],"predecessor-version":[{"id":533,"href":"https:\/\/be-happy-band.de\/index.php?rest_route=\/wp\/v2\/pages\/305\/revisions\/533"}],"wp:attachment":[{"href":"https:\/\/be-happy-band.de\/index.php?rest_route=%2Fwp%2Fv2%2Fmedia&parent=305"}],"curies":[{"name":"wp","href":"https:\/\/api.w.org\/{rel}","templated":true}]}}